{"id":8580,"date":"2025-08-01T14:17:13","date_gmt":"2025-08-01T11:17:13","guid":{"rendered":"https:\/\/ccifturkiye.org\/lcv\/"},"modified":"2025-09-08T13:04:15","modified_gmt":"2025-09-08T10:04:15","slug":"rsvp","status":"publish","type":"page","link":"https:\/\/ccifturkiye.org\/fr\/rsvp\/","title":{"rendered":"RSVP"},"content":{"rendered":"<section class=\"l-section wpb_row height_custom\"><div class=\"l-section-h i-cf\"><div class=\"g-cols vc_row via_grid cols_1 laptops-cols_inherit tablets-cols_inherit mobiles-cols_1 valign_top type_default stacking_default\"><div class=\"wpb_column vc_column_container\"><div class=\"vc_column-inner\"><div class=\"wpb_text_column\"><div class=\"wpb_wrapper\"><p style=\"text-align: center;\"><strong>Demande de participation<\/strong><\/p>\n<p style=\"text-align: justify;\">Nous vous remercions de l\u2019int\u00e9r\u00eat que vous portez au Forum diplomatique sur les expressions culturelles et les industries cr\u00e9atives (CCIF). Cette page a \u00e9t\u00e9 con\u00e7ue pour vous permettre de soumettre une demande de participation \u00e0 notre \u00e9v\u00e9nement, qui se d\u00e9roulera avec un nombre limit\u00e9 de places. Afin de pr\u00e9server l\u2019orientation strat\u00e9gique, l\u2019efficacit\u00e9 et le caract\u00e8re interactif du Forum, les participants seront s\u00e9lectionn\u00e9s via un processus de curation. En tant qu\u2019acteur pr\u00e9cieux de l\u2019\u00e9cosyst\u00e8me des industries cr\u00e9atives en Turquie, vous pouvez nous transmettre votre demande de participation en remplissant le formulaire ci-dessous.<\/p>\n<\/div><\/div><div class=\"w-separator size_medium\"><\/div><div class=\"g-cols wpb_row via_grid cols_1-3-1 laptops-cols_inherit tablets-cols_inherit mobiles-cols_1 valign_top type_default stacking_default\" style=\"--columns-gap:3rem;\"><div class=\"wpb_column vc_column_container\"><div class=\"vc_column-inner\"><\/div><\/div><div class=\"wpb_column vc_column_container\"><div class=\"vc_column-inner\"><div class=\"wpb_text_column\"><div class=\"wpb_wrapper\"><p>Nos inscriptions sont compl\u00e8tes. Merci.<\/p>\n<\/div><\/div><\/div><\/div><div class=\"wpb_column vc_column_container\"><div class=\"vc_column-inner\"><\/div><\/div><\/div><div class=\"w-separator size_medium\"><\/div><div class=\"wpb_text_column\"><div class=\"wpb_wrapper\"><p style=\"text-align: justify;\">Remarque importante : Le remplissage de ce formulaire constitue une pr\u00e9-inscription et ne garantit pas la participation. Toutes les demandes soumises seront examin\u00e9es avec soin par le Comit\u00e9 d\u2019organisation du CCIF, en tenant compte des objectifs du Forum et de l\u2019\u00e9quilibre sectoriel. Les professionnels dont la candidature sera retenue recevront une confirmation de participation et une invitation officielle par e-mail. En raison de l\u2019int\u00e9r\u00eat \u00e9lev\u00e9, seules les personnes dont la candidature aura \u00e9t\u00e9 approuv\u00e9e seront contact\u00e9es. Nous vous remercions pour votre compr\u00e9hension.<\/p>\n<\/div><\/div><\/div><\/div><\/div><\/div><\/section>\n","protected":false},"excerpt":{"rendered":"Demande de participation Nous vous remercions de l\u2019int\u00e9r\u00eat que vous portez au Forum diplomatique sur les expressions culturelles et les industries cr\u00e9atives (CCIF). Cette page a \u00e9t\u00e9 con\u00e7ue pour vous permettre de soumettre une demande de participation \u00e0 notre \u00e9v\u00e9nement, qui se d\u00e9roulera avec un nombre limit\u00e9 de places. Afin de pr\u00e9server l\u2019orientation strat\u00e9gique, l\u2019efficacit\u00e9...","protected":false},"author":1,"featured_media":0,"parent":0,"menu_order":0,"comment_status":"closed","ping_status":"closed","template":"","meta":{"footnotes":""},"class_list":["post-8580","page","type-page","status-publish","hentry"],"_links":{"self":[{"href":"https:\/\/ccifturkiye.org\/fr\/wp-json\/wp\/v2\/pages\/8580","targetHints":{"allow":["GET"]}}],"collection":[{"href":"https:\/\/ccifturkiye.org\/fr\/wp-json\/wp\/v2\/pages"}],"about":[{"href":"https:\/\/ccifturkiye.org\/fr\/wp-json\/wp\/v2\/types\/page"}],"author":[{"embeddable":true,"href":"https:\/\/ccifturkiye.org\/fr\/wp-json\/wp\/v2\/users\/1"}],"replies":[{"embeddable":true,"href":"https:\/\/ccifturkiye.org\/fr\/wp-json\/wp\/v2\/comments?post=8580"}],"version-history":[{"count":4,"href":"https:\/\/ccifturkiye.org\/fr\/wp-json\/wp\/v2\/pages\/8580\/revisions"}],"predecessor-version":[{"id":8637,"href":"https:\/\/ccifturkiye.org\/fr\/wp-json\/wp\/v2\/pages\/8580\/revisions\/8637"}],"wp:attachment":[{"href":"https:\/\/ccifturkiye.org\/fr\/wp-json\/wp\/v2\/media?parent=8580"}],"curies":[{"name":"wp","href":"https:\/\/api.w.org\/{rel}","templated":true}]}}