{"id":8584,"date":"2025-08-01T14:16:51","date_gmt":"2025-08-01T11:16:51","guid":{"rendered":"https:\/\/ccifturkiye.org\/manifesto\/"},"modified":"2025-09-03T12:02:00","modified_gmt":"2025-09-03T09:02:00","slug":"manifeste","status":"publish","type":"page","link":"https:\/\/ccifturkiye.org\/fr\/manifeste\/","title":{"rendered":"Manifeste"},"content":{"rendered":"<section class=\"l-section wpb_row height_custom\"><div class=\"l-section-h i-cf\"><div class=\"g-cols vc_row via_grid cols_2 laptops-cols_inherit tablets-cols_inherit mobiles-cols_1 valign_top type_default stacking_default\"><div class=\"wpb_column vc_column_container\"><div class=\"vc_column-inner\"><div class=\"wpb_text_column us_custom_e1ac95b1 backline has_text_color\"><div class=\"wpb_wrapper\"><h2>Manifeste<\/h2>\n<\/div><\/div><div class=\"w-separator size_medium\"><\/div><div class=\"wpb_text_column\"><div class=\"wpb_wrapper\"><p style=\"text-align: justify;\">Le CCIF d\u00e9fend un mod\u00e8le de \u00ab diplomatie interactive \u00bb au-del\u00e0 des conf\u00e9rences traditionnelles. Nos rencontres annuelles ne sont pas con\u00e7ues comme des \u00e9v\u00e9nements statiques, mais comme des exp\u00e9riences immersives. Nous facilitons les relations authentiques \u00e0 travers des sessions structur\u00e9es de mise en r\u00e9seau B2G (Business-to-Government), des \u00ab\u00a0expositions vivantes\u00a0\u00bb innovantes et des performances artistiques soigneusement s\u00e9lectionn\u00e9es. Cette approche garantit que chaque interaction ait du sens, ouvrant ainsi la voie \u00e0 des collaborations in\u00e9dites et \u00e0 des alliances strat\u00e9giques durables.<\/p>\n<p style=\"text-align: justify;\">Nous croyons au pouvoir unificateur de la culture dans un monde o\u00f9 les fronti\u00e8res s\u2019effacent et o\u00f9 le dialogue constitue le capital le plus pr\u00e9cieux. Nous t\u00e9moignons que les expressions culturelles, l\u2019art et les id\u00e9es cr\u00e9atives repr\u00e9sentent aujourd\u2019hui les instruments diplomatiques les plus pr\u00e9cieux pour fa\u00e7onner l\u2019avenir des relations internationales.<\/p>\n<p style=\"text-align: justify;\">Le Forum diplomatique des expressions culturelles et des industries cr\u00e9atives (CCIF) est n\u00e9 de cette conviction.<br \/>\nNotre objectif est de cr\u00e9er un espace de dialogue qui ne soit pas seulement parl\u00e9, mais aussi \u00e9cout\u00e9 ; pas seulement montr\u00e9, mais \u00e9galement ressenti. En r\u00e9unissant autour de la m\u00eame table les esprits cr\u00e9atifs et les d\u00e9cideurs strat\u00e9giques, nous visons \u00e0 b\u00e2tir \u00e0 la fois des partenariats \u00e9conomiques et des ponts culturels durables.<\/p>\n<p style=\"text-align: justify;\">Car nous savons qu\u2019un trait de designer, la vision d\u2019un r\u00e9alisateur ou le code d\u2019un d\u00e9veloppeur franchissent d\u00e9j\u00e0, dans le cadre de l\u2019\u00e9conomie cr\u00e9ative, toutes les fronti\u00e8res. Ce mouvement naturel nourrit le commerce. Notre ambition est de transformer la richesse de ces expressions culturelles en une force, d\u2019insuffler un nouvel \u00e9lan \u00e0 l\u2019\u00e9cosyst\u00e8me mondial des industries cr\u00e9atives, de stimuler les \u00e9changes et de renforcer les liens entre les soci\u00e9t\u00e9s.<br \/>\nL\u2019\u00e9conomie cr\u00e9ative est la nouvelle Route de la Soie, sans limites ni fronti\u00e8res, qui embrasse la diversit\u00e9 du monde entier.<\/p>\n<p style=\"text-align: justify;\">Ce Forum entend devenir un carrefour sur cette nouvelle Route de la Soie et faire r\u00e9sonner ces messages sur la sc\u00e8ne mondiale. Nous sommes ici pour b\u00e2tir ensemble un avenir commun, guid\u00e9s par le pouvoir transformateur de la cr\u00e9ativit\u00e9.<\/p>\n<\/div><\/div><\/div><\/div><div class=\"wpb_column vc_column_container\"><div class=\"vc_column-inner\"><div class=\"w-separator size_medium\"><\/div><div class=\"w-image align_none\"><div class=\"w-image-h\"><img decoding=\"async\" width=\"568\" height=\"652\" src=\"https:\/\/ccifturkiye.org\/wp-content\/uploads\/2025\/08\/manifest-img.jpg\" class=\"attachment-large size-large\" alt=\"\" loading=\"lazy\" srcset=\"https:\/\/ccifturkiye.org\/wp-content\/uploads\/2025\/08\/manifest-img.jpg 568w, https:\/\/ccifturkiye.org\/wp-content\/uploads\/2025\/08\/manifest-img-261x300.jpg 261w\" sizes=\"auto, (max-width: 568px) 100vw, 568px\" \/><\/div><\/div><\/div><\/div><\/div><\/div><\/section><section class=\"l-section wpb_row height_custom\"><div class=\"l-section-h i-cf\"><div class=\"g-cols vc_row via_grid cols_1 laptops-cols_inherit tablets-cols_inherit mobiles-cols_1 valign_top type_default stacking_default\"><div class=\"wpb_column vc_column_container\"><div class=\"vc_column-inner\"><div class=\"g-cols wpb_row via_grid cols_2 laptops-cols_inherit tablets-cols_inherit mobiles-cols_1 valign_top type_default stacking_default\" style=\"--columns-gap:3rem;\"><div class=\"wpb_column vc_column_container\"><div class=\"vc_column-inner\"><div class=\"wpb_text_column us_custom_e1ac95b1 backline has_text_color\"><div class=\"wpb_wrapper\"><h2>Notre vision<\/h2>\n<\/div><\/div><div class=\"w-separator size_medium\"><\/div><div class=\"wpb_text_column\"><div class=\"wpb_wrapper\"><p style=\"text-align: justify;\">Notre vision est de transformer le CCIF en un centre mondial de r\u00e9f\u00e9rence en id\u00e9es, inspiration et coop\u00e9ration, situ\u00e9 \u00e0 l\u2019intersection des industries cr\u00e9atives et de la diplomatie culturelle.<\/p>\n<\/div><\/div><\/div><\/div><div class=\"wpb_column vc_column_container\"><div class=\"vc_column-inner\"><div class=\"wpb_text_column us_custom_e1ac95b1 backline has_text_color\"><div class=\"wpb_wrapper\"><h2>Notre mission<\/h2>\n<\/div><\/div><div class=\"w-separator size_medium\"><\/div><div class=\"wpb_text_column\"><div class=\"wpb_wrapper\"><p style=\"text-align: justify;\">Notre mission est d\u2019apporter des contributions concr\u00e8tes au d\u00e9veloppement durable et \u00e0 la compr\u00e9hension interculturelle en combinant le potentiel des industries cr\u00e9atives avec un dialogue strat\u00e9gique.<\/p>\n<\/div><\/div><\/div><\/div><\/div><div class=\"w-separator size_huge\"><\/div><\/div><\/div><\/div><\/div><\/section>\n","protected":false},"excerpt":{"rendered":"Manifeste Le CCIF d\u00e9fend un mod\u00e8le de \u00ab diplomatie interactive \u00bb au-del\u00e0 des conf\u00e9rences traditionnelles. Nos rencontres annuelles ne sont pas con\u00e7ues comme des \u00e9v\u00e9nements statiques, mais comme des exp\u00e9riences immersives. Nous facilitons les relations authentiques \u00e0 travers des sessions structur\u00e9es de mise en r\u00e9seau B2G (Business-to-Government), des \u00ab\u00a0expositions vivantes\u00a0\u00bb innovantes et des performances artistiques...","protected":false},"author":1,"featured_media":0,"parent":0,"menu_order":0,"comment_status":"closed","ping_status":"closed","template":"","meta":{"footnotes":""},"class_list":["post-8584","page","type-page","status-publish","hentry"],"_links":{"self":[{"href":"https:\/\/ccifturkiye.org\/fr\/wp-json\/wp\/v2\/pages\/8584","targetHints":{"allow":["GET"]}}],"collection":[{"href":"https:\/\/ccifturkiye.org\/fr\/wp-json\/wp\/v2\/pages"}],"about":[{"href":"https:\/\/ccifturkiye.org\/fr\/wp-json\/wp\/v2\/types\/page"}],"author":[{"embeddable":true,"href":"https:\/\/ccifturkiye.org\/fr\/wp-json\/wp\/v2\/users\/1"}],"replies":[{"embeddable":true,"href":"https:\/\/ccifturkiye.org\/fr\/wp-json\/wp\/v2\/comments?post=8584"}],"version-history":[{"count":3,"href":"https:\/\/ccifturkiye.org\/fr\/wp-json\/wp\/v2\/pages\/8584\/revisions"}],"predecessor-version":[{"id":8587,"href":"https:\/\/ccifturkiye.org\/fr\/wp-json\/wp\/v2\/pages\/8584\/revisions\/8587"}],"wp:attachment":[{"href":"https:\/\/ccifturkiye.org\/fr\/wp-json\/wp\/v2\/media?parent=8584"}],"curies":[{"name":"wp","href":"https:\/\/api.w.org\/{rel}","templated":true}]}}